{"id":203,"date":"2020-02-11T21:17:46","date_gmt":"2020-02-11T21:17:46","guid":{"rendered":"https:\/\/faceology.net\/product\/masque-bain-de-plantes-100-ml\/"},"modified":"2026-03-27T20:35:25","modified_gmt":"2026-03-27T20:35:25","slug":"maske-bain-de-plantes-100-ml","status":"publish","type":"product","link":"https:\/\/ambassadebeaute.mk\/sq\/shop\/br\/face\/face-masks\/masque-bain-de-plantes-100-ml\/","title":{"rendered":"MASQUE BAIN DE PLANTES 100 ml"},"content":{"rendered":"<p class=\" translation-block\">Rezultati: tretman q\u00eb e rregullon tajitjen e yndyr\u00ebs dhe nj\u00ebkoh\u00ebsisht e pastron at\u00eb.\nNj\u00eb formul\u00eb me p\u00ebrqendrim t\u00eb lart\u00eb 32% me 13 p\u00ebrb\u00ebr\u00ebs aktiv\u00eb <br>\nFal\u00eb p\u00ebrb\u00ebr\u00ebsve t\u00eb tij aktiv, produkti sjell nj\u00eb veprim t\u00eb but\u00eb pastrimi dhe ndihmon n\u00eb uljen e shkall\u00ebs s\u00eb sekretimit t\u00eb sebumit n\u00eb l\u00ebkur\u00ebn e kok\u00ebs <br>\nEpiderma dhe l\u00ebkura e kok\u00ebs \u00ebsht\u00eb ribalancuar dhe pastruar thell\u00eb <br>\nCil\u00ebsi e l\u00ebngshme p\u00ebr aplikim t\u00eb thjesht\u00eb <br>\n<B> Veprimet: <\/ b> <br>\n- Eleminon sebumin e tep\u00ebrt pa irrituar ose dehidratimin e epiderm\u00ebs dhe kok\u00ebs\n- Zvog\u00eblon shkall\u00ebn e sekretimit t\u00eb sebumit <br>\n- Rivendos ekuilibrin n\u00eb prodhimin e seborres, epiderm\u00ebn dhe luspat me nj\u00eb tendenc\u00eb zbokthi (thekon me vaj)<\/p>","protected":false},"excerpt":{"rendered":"<p>P\u00ebrshkrimi i produktit: Masque Bain de Plantes \u00ebsht\u00eb nj\u00eb mask\u00eb bimore, p\u00ebrmbajtjet e s\u00eb cil\u00ebs e rregullojn\u00eb nivelin e tajitjes t\u00eb yndyr\u00ebs dhe e pastron l\u00ebkur\u00ebn e kok\u00ebs. Formula e tij e pasur me ekstraktet e Chamaenerion angustifolium, Terminalia, Nasturtium dhe zink e rregullon nivelin e yndyr\u00ebs t\u00eb l\u00ebkur\u00ebs s\u00eb kok\u00ebs, kurse prezenca e Enantia Chlorantha dhe acidit Oleanic e redukton sasin\u00eb e yndyr\u00ebs. Argjila, ekstraktet e lule vjollc\u00ebs dhe t\u00eb tharmit e forcojn\u00eb m\u00eb shum\u00eb largimin e materieve t\u00eb d\u00ebmshme n\u00eb k\u00ebt\u00eb tretman.<\/p>","protected":false},"featured_media":2061,"template":"","meta":{"_uag_custom_page_level_css":"","site-sidebar-layout":"default","site-content-layout":"","ast-site-content-layout":"default","site-content-style":"default","site-sidebar-style":"default","ast-global-header-display":"","ast-banner-title-visibility":"","ast-main-header-display":"","ast-hfb-above-header-display":"","ast-hfb-below-header-display":"","ast-hfb-mobile-header-display":"","site-post-title":"","ast-breadcrumbs-content":"","ast-featured-img":"","footer-sml-layout":"","ast-disable-related-posts":"","theme-transparent-header-meta":"","adv-header-id-meta":"","stick-header-meta":"","header-above-stick-meta":"","header-main-stick-meta":"","header-below-stick-meta":"","astra-migrate-meta-layouts":"default","ast-page-background-enabled":"default","ast-page-background-meta":{"desktop":{"background-color":"var(--ast-global-color-4)","background-image":"","background-repeat":"repeat","background-position":"center center","background-size":"auto","background-attachment":"scroll","background-type":"","background-media":"","overlay-type":"","overlay-color":"","overlay-opacity":"","overlay-gradient":""},"tablet":{"background-color":"","background-image":"","background-repeat":"repeat","background-position":"center center","background-size":"auto","background-attachment":"scroll","background-type":"","background-media":"","overlay-type":"","overlay-color":"","overlay-opacity":"","overlay-gradient":""},"mobile":{"background-color":"","background-image":"","background-repeat":"repeat","background-position":"center center","background-size":"auto","background-attachment":"scroll","background-type":"","background-media":"","overlay-type":"","overlay-color":"","overlay-opacity":"","overlay-gradient":""}},"ast-content-background-meta":{"desktop":{"background-color":"var(--ast-global-color-5)","background-image":"","background-repeat":"repeat","background-position":"center center","background-size":"auto","background-attachment":"scroll","background-type":"","background-media":"","overlay-type":"","overlay-color":"","overlay-opacity":"","overlay-gradient":""},"tablet":{"background-color":"var(--ast-global-color-5)","background-image":"","background-repeat":"repeat","background-position":"center center","background-size":"auto","background-attachment":"scroll","background-type":"","background-media":"","overlay-type":"","overlay-color":"","overlay-opacity":"","overlay-gradient":""},"mobile":{"background-color":"var(--ast-global-color-5)","background-image":"","background-repeat":"repeat","background-position":"center center","background-size":"auto","background-attachment":"scroll","background-type":"","background-media":"","overlay-type":"","overlay-color":"","overlay-opacity":"","overlay-gradient":""}}},"product_brand":[199],"product_cat":[27,114,58],"product_tag":[],"class_list":{"0":"post-203","1":"product","2":"type-product","3":"status-publish","4":"has-post-thumbnail","6":"product_brand-biologique-recherche","7":"product_cat-br","8":"product_cat-face","9":"product_cat-face-masks","10":"desktop-align-center","11":"tablet-align-center","12":"mobile-align-center","13":"ast-product-gallery-layout-vertical-slider","14":"ast-product-gallery-with-no-image","15":"ast-product-tabs-layout-horizontal","16":"ast-qv-on-image","18":"first","19":"instock","20":"virtual","21":"taxable","22":"purchasable","23":"product-type-simple"},"uagb_featured_image_src":{"full":["https:\/\/ambassadebeaute.mk\/wp-content\/uploads\/2020\/02\/Masque-Bain-de-Plantes-100ml.jpg",1024,1024,false],"thumbnail":["https:\/\/ambassadebeaute.mk\/wp-content\/uploads\/2020\/02\/Masque-Bain-de-Plantes-100ml-150x150.jpg",150,150,true],"medium":["https:\/\/ambassadebeaute.mk\/wp-content\/uploads\/2020\/02\/Masque-Bain-de-Plantes-100ml-300x300.jpg",300,300,true],"medium_large":["https:\/\/ambassadebeaute.mk\/wp-content\/uploads\/2020\/02\/Masque-Bain-de-Plantes-100ml-768x768.jpg",768,768,true],"large":["https:\/\/ambassadebeaute.mk\/wp-content\/uploads\/2020\/02\/Masque-Bain-de-Plantes-100ml-1024x1024.jpg",1024,1024,true],"1536x1536":["https:\/\/ambassadebeaute.mk\/wp-content\/uploads\/2020\/02\/Masque-Bain-de-Plantes-100ml.jpg",1024,1024,false],"2048x2048":["https:\/\/ambassadebeaute.mk\/wp-content\/uploads\/2020\/02\/Masque-Bain-de-Plantes-100ml.jpg",1024,1024,false],"trp-custom-language-flag":["https:\/\/ambassadebeaute.mk\/wp-content\/uploads\/2020\/02\/Masque-Bain-de-Plantes-100ml.jpg",12,12,false],"woocommerce_thumbnail":["https:\/\/ambassadebeaute.mk\/wp-content\/uploads\/2020\/02\/Masque-Bain-de-Plantes-100ml-300x300.jpg",300,300,true],"woocommerce_single":["https:\/\/ambassadebeaute.mk\/wp-content\/uploads\/2020\/02\/Masque-Bain-de-Plantes-100ml-600x600.jpg",600,600,true],"woocommerce_gallery_thumbnail":["https:\/\/ambassadebeaute.mk\/wp-content\/uploads\/2020\/02\/Masque-Bain-de-Plantes-100ml-100x100.jpg",100,100,true]},"uagb_author_info":{"display_name":"admin","author_link":"https:\/\/ambassadebeaute.mk\/sq\/author\/"},"uagb_comment_info":0,"uagb_excerpt":"For oily hair and skin. Double action, balances oily hair and skin on the scalp, face and body. Use Biologique Recherche Lotion P50 Capillaire first, then Masque Bain de Plantes one to three times a week.","_links":{"self":[{"href":"https:\/\/ambassadebeaute.mk\/sq\/wp-json\/wp\/v2\/product\/203","targetHints":{"allow":["GET"]}}],"collection":[{"href":"https:\/\/ambassadebeaute.mk\/sq\/wp-json\/wp\/v2\/product"}],"about":[{"href":"https:\/\/ambassadebeaute.mk\/sq\/wp-json\/wp\/v2\/types\/product"}],"wp:featuredmedia":[{"embeddable":true,"href":"https:\/\/ambassadebeaute.mk\/sq\/wp-json\/wp\/v2\/media\/2061"}],"wp:attachment":[{"href":"https:\/\/ambassadebeaute.mk\/sq\/wp-json\/wp\/v2\/media?parent=203"}],"wp:term":[{"taxonomy":"product_brand","embeddable":true,"href":"https:\/\/ambassadebeaute.mk\/sq\/wp-json\/wp\/v2\/product_brand?post=203"},{"taxonomy":"product_cat","embeddable":true,"href":"https:\/\/ambassadebeaute.mk\/sq\/wp-json\/wp\/v2\/product_cat?post=203"},{"taxonomy":"product_tag","embeddable":true,"href":"https:\/\/ambassadebeaute.mk\/sq\/wp-json\/wp\/v2\/product_tag?post=203"}],"curies":[{"name":"wp","href":"https:\/\/api.w.org\/{rel}","templated":true}]}}