{"id":195,"date":"2020-02-11T21:17:41","date_gmt":"2020-02-11T21:17:41","guid":{"rendered":"https:\/\/faceology.net\/product\/lotion-keractive-150-ml\/"},"modified":"2026-03-27T20:35:44","modified_gmt":"2026-03-27T20:35:44","slug":"locion-keractive-150-ml","status":"publish","type":"product","link":"https:\/\/ambassadebeaute.mk\/sq\/shop\/br\/hair-products\/hair-lotions\/lotion-keractive-150-ml\/","title":{"rendered":"LOSION KERACTIVE 150 ml"},"content":{"rendered":"","protected":false},"excerpt":{"rendered":"<div class=\"translation-block\">\nP\u00ebrshkrimi i produktit: ky tretman (preparati nuk fshihet por q\u00ebndron n\u00eb flok\u00eb) \u00ebsht\u00eb i pasuruar me ekstrakte bimore regjenerues dhe mbrojt\u00ebs, posa\u00e7\u00ebrisht t\u00eb formuluara p\u00ebr t\u2019i mbrojtur dhe forcuar fjet e flok\u00ebve. Ai vepron si nj\u00eb kondicioner i that\u00eb, duke e rritur bukurin\u00eb e flok\u00ebve tuaj dhe duke e b\u00ebr\u00eb m\u00eb t\u00eb leht\u00eb krehjen dhe modelimin e tyre. P\u00ebrdorni Lotion Keractive n\u00eb flok\u00eb t\u00eb lagur ose t\u00eb terur nga rr\u00ebnj\u00ebt e deri te majat e fijeve t\u00eb tyre, p\u00ebr t\u2019i forcuar dhe mbrojtur ato nga ndikimet e jashtme t\u00eb p\u00ebrditshme. Rekomandohet p\u00ebr flok\u00eb t\u00eb that\u00eb dhe t\u00eb brisht\u00eb.\n<\/div>","protected":false},"featured_media":2068,"template":"","meta":{"_uag_custom_page_level_css":"","site-sidebar-layout":"default","site-content-layout":"","ast-site-content-layout":"default","site-content-style":"default","site-sidebar-style":"default","ast-global-header-display":"","ast-banner-title-visibility":"","ast-main-header-display":"","ast-hfb-above-header-display":"","ast-hfb-below-header-display":"","ast-hfb-mobile-header-display":"","site-post-title":"","ast-breadcrumbs-content":"","ast-featured-img":"","footer-sml-layout":"","ast-disable-related-posts":"","theme-transparent-header-meta":"","adv-header-id-meta":"","stick-header-meta":"","header-above-stick-meta":"","header-main-stick-meta":"","header-below-stick-meta":"","astra-migrate-meta-layouts":"default","ast-page-background-enabled":"default","ast-page-background-meta":{"desktop":{"background-color":"var(--ast-global-color-4)","background-image":"","background-repeat":"repeat","background-position":"center center","background-size":"auto","background-attachment":"scroll","background-type":"","background-media":"","overlay-type":"","overlay-color":"","overlay-opacity":"","overlay-gradient":""},"tablet":{"background-color":"","background-image":"","background-repeat":"repeat","background-position":"center center","background-size":"auto","background-attachment":"scroll","background-type":"","background-media":"","overlay-type":"","overlay-color":"","overlay-opacity":"","overlay-gradient":""},"mobile":{"background-color":"","background-image":"","background-repeat":"repeat","background-position":"center center","background-size":"auto","background-attachment":"scroll","background-type":"","background-media":"","overlay-type":"","overlay-color":"","overlay-opacity":"","overlay-gradient":""}},"ast-content-background-meta":{"desktop":{"background-color":"var(--ast-global-color-5)","background-image":"","background-repeat":"repeat","background-position":"center center","background-size":"auto","background-attachment":"scroll","background-type":"","background-media":"","overlay-type":"","overlay-color":"","overlay-opacity":"","overlay-gradient":""},"tablet":{"background-color":"var(--ast-global-color-5)","background-image":"","background-repeat":"repeat","background-position":"center center","background-size":"auto","background-attachment":"scroll","background-type":"","background-media":"","overlay-type":"","overlay-color":"","overlay-opacity":"","overlay-gradient":""},"mobile":{"background-color":"var(--ast-global-color-5)","background-image":"","background-repeat":"repeat","background-position":"center center","background-size":"auto","background-attachment":"scroll","background-type":"","background-media":"","overlay-type":"","overlay-color":"","overlay-opacity":"","overlay-gradient":""}}},"product_brand":[199],"product_cat":[27,59,132],"product_tag":[],"class_list":{"0":"post-195","1":"product","2":"type-product","3":"status-publish","4":"has-post-thumbnail","6":"product_brand-biologique-recherche","7":"product_cat-br","8":"product_cat-hair-lotions","9":"product_cat-hair-products","10":"desktop-align-center","11":"tablet-align-center","12":"mobile-align-center","13":"ast-product-gallery-layout-vertical-slider","14":"ast-product-gallery-with-no-image","15":"ast-product-tabs-layout-horizontal","16":"ast-qv-on-image","18":"first","19":"instock","20":"virtual","21":"taxable","22":"purchasable","23":"product-type-simple"},"uagb_featured_image_src":{"full":["https:\/\/ambassadebeaute.mk\/wp-content\/uploads\/2020\/02\/LotionKeractive-Biologique-Recherche.jpg",1024,1024,false],"thumbnail":["https:\/\/ambassadebeaute.mk\/wp-content\/uploads\/2020\/02\/LotionKeractive-Biologique-Recherche-150x150.jpg",150,150,true],"medium":["https:\/\/ambassadebeaute.mk\/wp-content\/uploads\/2020\/02\/LotionKeractive-Biologique-Recherche-300x300.jpg",300,300,true],"medium_large":["https:\/\/ambassadebeaute.mk\/wp-content\/uploads\/2020\/02\/LotionKeractive-Biologique-Recherche-768x768.jpg",768,768,true],"large":["https:\/\/ambassadebeaute.mk\/wp-content\/uploads\/2020\/02\/LotionKeractive-Biologique-Recherche-1024x1024.jpg",1024,1024,true],"1536x1536":["https:\/\/ambassadebeaute.mk\/wp-content\/uploads\/2020\/02\/LotionKeractive-Biologique-Recherche.jpg",1024,1024,false],"2048x2048":["https:\/\/ambassadebeaute.mk\/wp-content\/uploads\/2020\/02\/LotionKeractive-Biologique-Recherche.jpg",1024,1024,false],"trp-custom-language-flag":["https:\/\/ambassadebeaute.mk\/wp-content\/uploads\/2020\/02\/LotionKeractive-Biologique-Recherche.jpg",12,12,false],"woocommerce_thumbnail":["https:\/\/ambassadebeaute.mk\/wp-content\/uploads\/2020\/02\/LotionKeractive-Biologique-Recherche-300x300.jpg",300,300,true],"woocommerce_single":["https:\/\/ambassadebeaute.mk\/wp-content\/uploads\/2020\/02\/LotionKeractive-Biologique-Recherche-600x600.jpg",600,600,true],"woocommerce_gallery_thumbnail":["https:\/\/ambassadebeaute.mk\/wp-content\/uploads\/2020\/02\/LotionKeractive-Biologique-Recherche-100x100.jpg",100,100,true]},"uagb_author_info":{"display_name":"admin","author_link":"https:\/\/ambassadebeaute.mk\/sq\/author\/"},"uagb_comment_info":0,"uagb_excerpt":"Aida says: This is excellent for grey hair. It strengthens the hair follicle and reveals a soft, shiny finish. This lotion fortifies and repairs damaged hair, coating the hair fiber to protect it from environmental pollutants. To establish your personalized regimen and treatment plan we suggest you receive a consultation with our skincare specialist to&hellip;","_links":{"self":[{"href":"https:\/\/ambassadebeaute.mk\/sq\/wp-json\/wp\/v2\/product\/195","targetHints":{"allow":["GET"]}}],"collection":[{"href":"https:\/\/ambassadebeaute.mk\/sq\/wp-json\/wp\/v2\/product"}],"about":[{"href":"https:\/\/ambassadebeaute.mk\/sq\/wp-json\/wp\/v2\/types\/product"}],"wp:featuredmedia":[{"embeddable":true,"href":"https:\/\/ambassadebeaute.mk\/sq\/wp-json\/wp\/v2\/media\/2068"}],"wp:attachment":[{"href":"https:\/\/ambassadebeaute.mk\/sq\/wp-json\/wp\/v2\/media?parent=195"}],"wp:term":[{"taxonomy":"product_brand","embeddable":true,"href":"https:\/\/ambassadebeaute.mk\/sq\/wp-json\/wp\/v2\/product_brand?post=195"},{"taxonomy":"product_cat","embeddable":true,"href":"https:\/\/ambassadebeaute.mk\/sq\/wp-json\/wp\/v2\/product_cat?post=195"},{"taxonomy":"product_tag","embeddable":true,"href":"https:\/\/ambassadebeaute.mk\/sq\/wp-json\/wp\/v2\/product_tag?post=195"}],"curies":[{"name":"wp","href":"https:\/\/api.w.org\/{rel}","templated":true}]}}