{"id":194,"date":"2020-02-11T21:17:41","date_gmt":"2020-02-11T21:17:41","guid":{"rendered":"https:\/\/faceology.net\/product\/lotion-p50-capillaire-250-ml\/"},"modified":"2026-03-27T20:35:25","modified_gmt":"2026-03-27T20:35:25","slug":"locion-p50-capillaire-250-ml","status":"publish","type":"product","link":"https:\/\/ambassadebeaute.mk\/sq\/shop\/br\/hair-products\/hair-lotions\/lotion-p50-capillaire-250-ml\/","title":{"rendered":"LOSIONI P50 KAPILARE 250 ml"},"content":{"rendered":"<div class=\"translation-block\">\n<ul><li>\nRregullon sebumin e tep\u00ebrt p\u00ebr ribalancimin e l\u00ebkur\u00ebs s\u00eb kok\u00ebs<\/li>\n<li>Eksfolacion joagresiv i l\u00ebkur\u00ebs s\u00eb kok\u00ebs<\/li>\n<li>M\u00ebnjanon zbokthin<\/li>\n<li>But\u00ebsisht pastron  l\u00ebkur\u00ebn e kok\u00ebs<\/li>\n<li>Flok\u00ebt jan\u00eb t\u00eb but\u00eb dhe t\u00eb njom\u00eb<\/li><\/ul>\n<\/div>","protected":false},"excerpt":{"rendered":"<p class=\" translation-block\">P\u00ebrshkrimi i produktit: Lotion P50 Capillaire rikthen forc\u00ebn dhe vitalitetin e flok\u00ebve me tretmanin q\u00eb fillon n\u00eb rr\u00ebnj\u00eb. Ky losion shum\u00ebq\u00ebllimor\u00eb, e pastron but\u00ebsisht kok\u00ebn dhe e rregullon sekretimin e zbokthit (kompleksi Poly-Alpha-Beta-Hydroxy-Acid, p\u00ebrmbajtje balancuese dhe p\u00ebr shtr\u00ebngim). Ky losion gjithashtu rrit rezistenc\u00ebn e fijeve t\u00eb flok\u00ebve (p\u00ebrmbajt\u00ebs p\u00ebr hidratim). Rekomandohet p\u00ebr t\u00eb gjitha llojet e flok\u00ebve dhe \u00ebsht\u00eb ideal p\u00ebr l\u00ebkur\u00ebn e kok\u00ebs apo flok\u00ebt me zbokth.<\/p>","protected":false},"featured_media":2076,"template":"","meta":{"_uag_custom_page_level_css":"","site-sidebar-layout":"default","site-content-layout":"","ast-site-content-layout":"default","site-content-style":"default","site-sidebar-style":"default","ast-global-header-display":"","ast-banner-title-visibility":"","ast-main-header-display":"","ast-hfb-above-header-display":"","ast-hfb-below-header-display":"","ast-hfb-mobile-header-display":"","site-post-title":"","ast-breadcrumbs-content":"","ast-featured-img":"","footer-sml-layout":"","ast-disable-related-posts":"","theme-transparent-header-meta":"","adv-header-id-meta":"","stick-header-meta":"","header-above-stick-meta":"","header-main-stick-meta":"","header-below-stick-meta":"","astra-migrate-meta-layouts":"default","ast-page-background-enabled":"default","ast-page-background-meta":{"desktop":{"background-color":"var(--ast-global-color-4)","background-image":"","background-repeat":"repeat","background-position":"center center","background-size":"auto","background-attachment":"scroll","background-type":"","background-media":"","overlay-type":"","overlay-color":"","overlay-opacity":"","overlay-gradient":""},"tablet":{"background-color":"","background-image":"","background-repeat":"repeat","background-position":"center center","background-size":"auto","background-attachment":"scroll","background-type":"","background-media":"","overlay-type":"","overlay-color":"","overlay-opacity":"","overlay-gradient":""},"mobile":{"background-color":"","background-image":"","background-repeat":"repeat","background-position":"center center","background-size":"auto","background-attachment":"scroll","background-type":"","background-media":"","overlay-type":"","overlay-color":"","overlay-opacity":"","overlay-gradient":""}},"ast-content-background-meta":{"desktop":{"background-color":"var(--ast-global-color-5)","background-image":"","background-repeat":"repeat","background-position":"center center","background-size":"auto","background-attachment":"scroll","background-type":"","background-media":"","overlay-type":"","overlay-color":"","overlay-opacity":"","overlay-gradient":""},"tablet":{"background-color":"var(--ast-global-color-5)","background-image":"","background-repeat":"repeat","background-position":"center center","background-size":"auto","background-attachment":"scroll","background-type":"","background-media":"","overlay-type":"","overlay-color":"","overlay-opacity":"","overlay-gradient":""},"mobile":{"background-color":"var(--ast-global-color-5)","background-image":"","background-repeat":"repeat","background-position":"center center","background-size":"auto","background-attachment":"scroll","background-type":"","background-media":"","overlay-type":"","overlay-color":"","overlay-opacity":"","overlay-gradient":""}}},"product_brand":[199],"product_cat":[27,59,132],"product_tag":[],"class_list":{"0":"post-194","1":"product","2":"type-product","3":"status-publish","4":"has-post-thumbnail","6":"product_brand-biologique-recherche","7":"product_cat-br","8":"product_cat-hair-lotions","9":"product_cat-hair-products","10":"desktop-align-center","11":"tablet-align-center","12":"mobile-align-center","13":"ast-product-gallery-layout-vertical-slider","14":"ast-product-gallery-with-no-image","15":"ast-product-tabs-layout-horizontal","16":"ast-qv-on-image","18":"first","19":"instock","20":"virtual","21":"taxable","22":"purchasable","23":"product-type-simple"},"uagb_featured_image_src":{"full":["https:\/\/ambassadebeaute.mk\/wp-content\/uploads\/2020\/02\/LotionP50Capillaire-Biologique-Recherche.jpg",1024,1024,false],"thumbnail":["https:\/\/ambassadebeaute.mk\/wp-content\/uploads\/2020\/02\/LotionP50Capillaire-Biologique-Recherche-150x150.jpg",150,150,true],"medium":["https:\/\/ambassadebeaute.mk\/wp-content\/uploads\/2020\/02\/LotionP50Capillaire-Biologique-Recherche-300x300.jpg",300,300,true],"medium_large":["https:\/\/ambassadebeaute.mk\/wp-content\/uploads\/2020\/02\/LotionP50Capillaire-Biologique-Recherche-768x768.jpg",768,768,true],"large":["https:\/\/ambassadebeaute.mk\/wp-content\/uploads\/2020\/02\/LotionP50Capillaire-Biologique-Recherche-1024x1024.jpg",1024,1024,true],"1536x1536":["https:\/\/ambassadebeaute.mk\/wp-content\/uploads\/2020\/02\/LotionP50Capillaire-Biologique-Recherche.jpg",1024,1024,false],"2048x2048":["https:\/\/ambassadebeaute.mk\/wp-content\/uploads\/2020\/02\/LotionP50Capillaire-Biologique-Recherche.jpg",1024,1024,false],"trp-custom-language-flag":["https:\/\/ambassadebeaute.mk\/wp-content\/uploads\/2020\/02\/LotionP50Capillaire-Biologique-Recherche.jpg",12,12,false],"woocommerce_thumbnail":["https:\/\/ambassadebeaute.mk\/wp-content\/uploads\/2020\/02\/LotionP50Capillaire-Biologique-Recherche-300x300.jpg",300,300,true],"woocommerce_single":["https:\/\/ambassadebeaute.mk\/wp-content\/uploads\/2020\/02\/LotionP50Capillaire-Biologique-Recherche-600x600.jpg",600,600,true],"woocommerce_gallery_thumbnail":["https:\/\/ambassadebeaute.mk\/wp-content\/uploads\/2020\/02\/LotionP50Capillaire-Biologique-Recherche-100x100.jpg",100,100,true]},"uagb_author_info":{"display_name":"admin","author_link":"https:\/\/ambassadebeaute.mk\/sq\/author\/"},"uagb_comment_info":0,"uagb_excerpt":"Lotion P50 Capillaire contains the core \u201cP50\u201d formula as well as active ingredients specifically suited to the scalp that will help reduce irritation and scales. Sebum secretions are controlled and therefore the scalp is cleansed and rebalanced.","_links":{"self":[{"href":"https:\/\/ambassadebeaute.mk\/sq\/wp-json\/wp\/v2\/product\/194","targetHints":{"allow":["GET"]}}],"collection":[{"href":"https:\/\/ambassadebeaute.mk\/sq\/wp-json\/wp\/v2\/product"}],"about":[{"href":"https:\/\/ambassadebeaute.mk\/sq\/wp-json\/wp\/v2\/types\/product"}],"wp:featuredmedia":[{"embeddable":true,"href":"https:\/\/ambassadebeaute.mk\/sq\/wp-json\/wp\/v2\/media\/2076"}],"wp:attachment":[{"href":"https:\/\/ambassadebeaute.mk\/sq\/wp-json\/wp\/v2\/media?parent=194"}],"wp:term":[{"taxonomy":"product_brand","embeddable":true,"href":"https:\/\/ambassadebeaute.mk\/sq\/wp-json\/wp\/v2\/product_brand?post=194"},{"taxonomy":"product_cat","embeddable":true,"href":"https:\/\/ambassadebeaute.mk\/sq\/wp-json\/wp\/v2\/product_cat?post=194"},{"taxonomy":"product_tag","embeddable":true,"href":"https:\/\/ambassadebeaute.mk\/sq\/wp-json\/wp\/v2\/product_tag?post=194"}],"curies":[{"name":"wp","href":"https:\/\/api.w.org\/{rel}","templated":true}]}}