{"id":116,"date":"2020-02-11T21:17:20","date_gmt":"2020-02-11T21:17:20","guid":{"rendered":"https:\/\/faceology.net\/product\/cocktail-dactifs-regenerants-boite-de-10-ampoules\/"},"modified":"2026-03-27T20:36:26","modified_gmt":"2026-03-27T20:36:26","slug":"koktej-dactifs-rigjenerues-boite-de-10-ampula","status":"publish","type":"product","link":"https:\/\/ambassadebeaute.mk\/sq\/shop\/br\/face\/targeted-serums\/cocktail-dactifs-regenerants-boite-de-10-ampoules\/","title":{"rendered":"COCKTAIL D&#039;ACTIFS REGENERANTS"},"content":{"rendered":"<div class=\"translation-block\">\n<ul><li>Redukton dhe parandalon shfaqjen e linjave t\u00eb im\u00ebta dhe rrudhave duke aktivizuar rigjenerimin qelizor.<\/li>\n<li>Kontribuon n\u00eb mbrojtjen e l\u00ebkur\u00ebs nga efektet e d\u00ebmshme t\u00eb radikal\u00ebve t\u00eb lir\u00eb fal\u00eb veprimit t\u00eb saj anti-oksidues.<\/li>\n<li>Nxit funksionet mbrojt\u00ebse t\u00eb l\u00ebkur\u00ebs.\n<li>P\u00ebrmir\u00ebson hidratimin dhe tonin e epiderm\u00ebs<\/li>\n<li>P\u00ebrmir\u00ebson struktur\u00ebn e l\u00ebkur\u00ebs\n<li>E b\u00ebn l\u00ebkur\u00ebn m\u00eb t\u00eb but\u00eb<\/li><\/ul>\n<\/div>","protected":false},"excerpt":{"rendered":"<p class=\" translation-block\">P\u00ebrshkrimi i produktit: i ngopur me vitamina dhe p\u00ebrmbajtje aktive t\u00eb p\u00ebrfituara me bio-teknologjin\u00eb m\u00eb bashk\u00ebkohore, ky koktej ofron p\u00ebrfitime t\u00eb shumta, edhe n\u00eb rastin kur llojet e l\u00ebkurave jan\u00eb \u00e7vitalizuar tej mase. Ai e aktivizon regjenerimin e qelizave, mbron nga efektet e d\u00ebmshme t\u00eb radikaleve t\u00eb lira dhe i rrit\u00eb funksionet e mbrojtjes t\u00eb l\u00ebkur\u00ebs, duke e p\u00ebrmir\u00ebsuar nivelin e lag\u00ebshtis\u00eb t\u00eb epiderm\u00ebs dhe tenit.<\/p>","protected":false},"featured_media":4557,"template":"","meta":{"_uag_custom_page_level_css":"","site-sidebar-layout":"default","site-content-layout":"","ast-site-content-layout":"default","site-content-style":"default","site-sidebar-style":"default","ast-global-header-display":"","ast-banner-title-visibility":"","ast-main-header-display":"","ast-hfb-above-header-display":"","ast-hfb-below-header-display":"","ast-hfb-mobile-header-display":"","site-post-title":"","ast-breadcrumbs-content":"","ast-featured-img":"","footer-sml-layout":"","ast-disable-related-posts":"","theme-transparent-header-meta":"default","adv-header-id-meta":"","stick-header-meta":"default","header-above-stick-meta":"","header-main-stick-meta":"","header-below-stick-meta":"","astra-migrate-meta-layouts":"set","ast-page-background-enabled":"default","ast-page-background-meta":{"desktop":{"background-color":"var(--ast-global-color-4)","background-image":"","background-repeat":"repeat","background-position":"center center","background-size":"auto","background-attachment":"scroll","background-type":"","background-media":"","overlay-type":"","overlay-color":"","overlay-opacity":"","overlay-gradient":""},"tablet":{"background-color":"","background-image":"","background-repeat":"repeat","background-position":"center center","background-size":"auto","background-attachment":"scroll","background-type":"","background-media":"","overlay-type":"","overlay-color":"","overlay-opacity":"","overlay-gradient":""},"mobile":{"background-color":"","background-image":"","background-repeat":"repeat","background-position":"center center","background-size":"auto","background-attachment":"scroll","background-type":"","background-media":"","overlay-type":"","overlay-color":"","overlay-opacity":"","overlay-gradient":""}},"ast-content-background-meta":{"desktop":{"background-color":"var(--ast-global-color-5)","background-image":"","background-repeat":"repeat","background-position":"center center","background-size":"auto","background-attachment":"scroll","background-type":"","background-media":"","overlay-type":"","overlay-color":"","overlay-opacity":"","overlay-gradient":""},"tablet":{"background-color":"var(--ast-global-color-5)","background-image":"","background-repeat":"repeat","background-position":"center center","background-size":"auto","background-attachment":"scroll","background-type":"","background-media":"","overlay-type":"","overlay-color":"","overlay-opacity":"","overlay-gradient":""},"mobile":{"background-color":"var(--ast-global-color-5)","background-image":"","background-repeat":"repeat","background-position":"center center","background-size":"auto","background-attachment":"scroll","background-type":"","background-media":"","overlay-type":"","overlay-color":"","overlay-opacity":"","overlay-gradient":""}}},"product_brand":[199],"product_cat":[27,114,87],"product_tag":[],"class_list":{"0":"post-116","1":"product","2":"type-product","3":"status-publish","4":"has-post-thumbnail","6":"product_brand-biologique-recherche","7":"product_cat-br","8":"product_cat-face","9":"product_cat-targeted-serums","10":"desktop-align-center","11":"tablet-align-center","12":"mobile-align-center","13":"ast-product-gallery-layout-vertical-slider","14":"ast-product-gallery-with-no-image","15":"ast-product-tabs-layout-horizontal","16":"ast-qv-on-image","18":"first","19":"instock","20":"virtual","21":"taxable","22":"purchasable","23":"product-type-simple"},"uagb_featured_image_src":{"full":["https:\/\/ambassadebeaute.mk\/wp-content\/uploads\/2020\/02\/Cocktail_d_Actifs_Regenerants.webp",1200,1200,false],"thumbnail":["https:\/\/ambassadebeaute.mk\/wp-content\/uploads\/2020\/02\/Cocktail_d_Actifs_Regenerants-150x150.webp",150,150,true],"medium":["https:\/\/ambassadebeaute.mk\/wp-content\/uploads\/2020\/02\/Cocktail_d_Actifs_Regenerants-300x300.webp",300,300,true],"medium_large":["https:\/\/ambassadebeaute.mk\/wp-content\/uploads\/2020\/02\/Cocktail_d_Actifs_Regenerants-768x768.webp",768,768,true],"large":["https:\/\/ambassadebeaute.mk\/wp-content\/uploads\/2020\/02\/Cocktail_d_Actifs_Regenerants-1024x1024.webp",1024,1024,true],"1536x1536":["https:\/\/ambassadebeaute.mk\/wp-content\/uploads\/2020\/02\/Cocktail_d_Actifs_Regenerants.webp",1200,1200,false],"2048x2048":["https:\/\/ambassadebeaute.mk\/wp-content\/uploads\/2020\/02\/Cocktail_d_Actifs_Regenerants.webp",1200,1200,false],"trp-custom-language-flag":["https:\/\/ambassadebeaute.mk\/wp-content\/uploads\/2020\/02\/Cocktail_d_Actifs_Regenerants-12x12.webp",12,12,true],"woocommerce_thumbnail":["https:\/\/ambassadebeaute.mk\/wp-content\/uploads\/2020\/02\/Cocktail_d_Actifs_Regenerants-300x300.webp",300,300,true],"woocommerce_single":["https:\/\/ambassadebeaute.mk\/wp-content\/uploads\/2020\/02\/Cocktail_d_Actifs_Regenerants-600x600.webp",600,600,true],"woocommerce_gallery_thumbnail":["https:\/\/ambassadebeaute.mk\/wp-content\/uploads\/2020\/02\/Cocktail_d_Actifs_Regenerants-100x100.webp",100,100,true]},"uagb_author_info":{"display_name":"admin","author_link":"https:\/\/ambassadebeaute.mk\/sq\/author\/"},"uagb_comment_info":0,"uagb_excerpt":"A serum over-boosted with active ingredients (58) developed using cutting-edge biotechnology and vitamins, for a profound and multi-action (6 benefits) result, even on the most devitalized skins. Kit contains 10 vials for a total of 20 applications. Each vial is good for two applications. Refrigerate after opening.","_links":{"self":[{"href":"https:\/\/ambassadebeaute.mk\/sq\/wp-json\/wp\/v2\/product\/116","targetHints":{"allow":["GET"]}}],"collection":[{"href":"https:\/\/ambassadebeaute.mk\/sq\/wp-json\/wp\/v2\/product"}],"about":[{"href":"https:\/\/ambassadebeaute.mk\/sq\/wp-json\/wp\/v2\/types\/product"}],"wp:featuredmedia":[{"embeddable":true,"href":"https:\/\/ambassadebeaute.mk\/sq\/wp-json\/wp\/v2\/media\/4557"}],"wp:attachment":[{"href":"https:\/\/ambassadebeaute.mk\/sq\/wp-json\/wp\/v2\/media?parent=116"}],"wp:term":[{"taxonomy":"product_brand","embeddable":true,"href":"https:\/\/ambassadebeaute.mk\/sq\/wp-json\/wp\/v2\/product_brand?post=116"},{"taxonomy":"product_cat","embeddable":true,"href":"https:\/\/ambassadebeaute.mk\/sq\/wp-json\/wp\/v2\/product_cat?post=116"},{"taxonomy":"product_tag","embeddable":true,"href":"https:\/\/ambassadebeaute.mk\/sq\/wp-json\/wp\/v2\/product_tag?post=116"}],"curies":[{"name":"wp","href":"https:\/\/api.w.org\/{rel}","templated":true}]}}